{"id":2663,"date":"2026-03-27T03:22:03","date_gmt":"2026-03-27T03:22:03","guid":{"rendered":"https:\/\/entlu.com\/?page_id=2663"},"modified":"2026-03-31T02:59:02","modified_gmt":"2026-03-31T02:59:02","slug":"about","status":"publish","type":"page","link":"https:\/\/entlu.com\/pt\/about\/","title":{"rendered":"Sobre"},"content":{"rendered":"<div data-elementor-type=\"wp-page\" data-elementor-id=\"2663\" class=\"elementor elementor-2663\">\n\t\t\t\t<div class=\"elementor-element elementor-element-ecf66b1 e-flex e-con-boxed elementor-invisible e-con e-parent\" data-id=\"ecf66b1\" data-element_type=\"container\" data-e-type=\"container\" data-settings=\"{&quot;background_background&quot;:&quot;classic&quot;,&quot;animation&quot;:&quot;fadeIn&quot;}\">\n\t\t\t\t\t<div class=\"e-con-inner\">\n\t\t<div class=\"elementor-element elementor-element-c7463eb e-con-full e-flex e-con e-child\" data-id=\"c7463eb\" data-element_type=\"container\" data-e-type=\"container\">\n\t\t\t\t<div class=\"elementor-element elementor-element-2707dd3 elementor-widget elementor-widget-heading\" data-id=\"2707dd3\" data-element_type=\"widget\" data-e-type=\"widget\" data-widget_type=\"heading.default\">\n\t\t\t\t<div class=\"elementor-widget-container\">\n\t\t\t\t\t<h1 class=\"elementor-heading-title elementor-size-default\">Sobre a Entlu<\/h1>\t\t\t\t<\/div>\n\t\t\t\t<\/div>\n\t\t\t\t<div class=\"elementor-element elementor-element-e9742b1 elementor-widget elementor-widget-heading\" data-id=\"e9742b1\" data-element_type=\"widget\" data-e-type=\"widget\" data-widget_type=\"heading.default\">\n\t\t\t\t<div class=\"elementor-widget-container\">\n\t\t\t\t\t<h4 class=\"elementor-heading-title elementor-size-default\">A construir produtos digitais e equipas entre a Europa e \u00c1frica<\/h4>\t\t\t\t<\/div>\n\t\t\t\t<\/div>\n\t\t\t\t<\/div>\n\t\t\t\t\t<\/div>\n\t\t\t\t<\/div>\n\t\t<div class=\"elementor-element elementor-element-39f366f e-flex e-con-boxed e-con e-parent\" data-id=\"39f366f\" data-element_type=\"container\" data-e-type=\"container\" data-settings=\"{&quot;background_background&quot;:&quot;classic&quot;}\">\n\t\t\t\t\t<div class=\"e-con-inner\">\n\t\t<div class=\"elementor-element elementor-element-13009f8 e-con-full e-flex e-con e-child\" data-id=\"13009f8\" data-element_type=\"container\" data-e-type=\"container\" data-settings=\"{&quot;background_background&quot;:&quot;classic&quot;}\">\n\t\t<div class=\"elementor-element elementor-element-e14cb4d e-con-full e-flex e-con e-child\" data-id=\"e14cb4d\" data-element_type=\"container\" data-e-type=\"container\">\n\t\t\t\t<div class=\"elementor-element elementor-element-873af18 elementor-widget elementor-widget-heading\" data-id=\"873af18\" data-element_type=\"widget\" data-e-type=\"widget\" data-widget_type=\"heading.default\">\n\t\t\t\t<div class=\"elementor-widget-container\">\n\t\t\t\t\t<h3 class=\"elementor-heading-title elementor-size-default\">Porque constru\u00edmos<\/h3>\t\t\t\t<\/div>\n\t\t\t\t<\/div>\n\t\t\t\t<div class=\"elementor-element elementor-element-a11191e elementor-widget elementor-widget-text-editor\" data-id=\"a11191e\" data-element_type=\"widget\" data-e-type=\"widget\" data-widget_type=\"text-editor.default\">\n\t\t\t\t<div class=\"elementor-widget-container\">\n\t\t\t\t\t\t\t\t\t<p data-start=\"704\" data-end=\"776\">A Entlu nasceu de uma jornada real entre Portugal, Espanha e \u00c1frica.<\/p><p data-start=\"783\" data-end=\"907\">Ao trabalhar em diferentes ambientes, identific\u00e1mos uma lacuna clara: o talento, as ideias e as oportunidades n\u00e3o estavam devidamente conectados.<\/p><p data-start=\"914\" data-end=\"1015\">Enquanto as empresas na Europa precisam de execu\u00e7\u00e3o eficiente, muitos mercados emergentes t\u00eam um potencial ainda por explorar.<\/p><p data-start=\"1022\" data-end=\"1151\"><strong data-start=\"1022\" data-end=\"1151\">A Entlu existe para preencher essa lacuna \u2014 ligando a Europa e \u00c1frica atrav\u00e9s da tecnologia, execu\u00e7\u00e3o e compreens\u00e3o real do neg\u00f3cio.<\/strong><\/p>\t\t\t\t\t\t\t\t<\/div>\n\t\t\t\t<\/div>\n\t\t\t\t<\/div>\n\t\t\t\t<\/div>\n\t\t\t\t\t<\/div>\n\t\t\t\t<\/div>\n\t\t<div class=\"elementor-element elementor-element-ac0c8ca e-flex e-con-boxed e-con e-parent\" data-id=\"ac0c8ca\" data-element_type=\"container\" data-e-type=\"container\" data-settings=\"{&quot;background_background&quot;:&quot;classic&quot;}\">\n\t\t\t\t\t<div class=\"e-con-inner\">\n\t\t<div class=\"elementor-element elementor-element-d102247 e-con-full e-flex e-con e-child\" data-id=\"d102247\" data-element_type=\"container\" data-e-type=\"container\" data-settings=\"{&quot;background_background&quot;:&quot;classic&quot;}\">\n\t\t<div class=\"elementor-element elementor-element-a7cc52f e-con-full e-flex e-con e-child\" data-id=\"a7cc52f\" data-element_type=\"container\" data-e-type=\"container\">\n\t\t\t\t<div class=\"elementor-element elementor-element-2b1756b elementor-widget elementor-widget-heading\" data-id=\"2b1756b\" data-element_type=\"widget\" data-e-type=\"widget\" data-widget_type=\"heading.default\">\n\t\t\t\t<div class=\"elementor-widget-container\">\n\t\t\t\t\t<h3 class=\"elementor-heading-title elementor-size-default\">Porque Cabo Verde<\/h3>\t\t\t\t<\/div>\n\t\t\t\t<\/div>\n\t\t\t\t<div class=\"elementor-element elementor-element-1ed9891 elementor-widget elementor-widget-text-editor\" data-id=\"1ed9891\" data-element_type=\"widget\" data-e-type=\"widget\" data-widget_type=\"text-editor.default\">\n\t\t\t\t<div class=\"elementor-widget-container\">\n\t\t\t\t\t\t\t\t\t<p data-start=\"1181\" data-end=\"1228\">Escolhemos Cabo Verde como base por uma raz\u00e3o.<\/p><p data-start=\"1235\" data-end=\"1362\">Oferece estabilidade, localiza\u00e7\u00e3o estrat\u00e9gica e acesso crescente a mercados internacionais. Mas tamb\u00e9m algo mais.<\/p><p data-start=\"1369\" data-end=\"1419\">Pessoas motivadas, adapt\u00e1veis e prontas para trabalhar a n\u00edvel global.<\/p><p data-start=\"1426\" data-end=\"1518\"><strong data-start=\"1426\" data-end=\"1518\">Acreditamos em construir a partir de locais com potencial real, n\u00e3o apenas de ecossistemas j\u00e1 estabelecidos.<\/strong><\/p>\t\t\t\t\t\t\t\t<\/div>\n\t\t\t\t<\/div>\n\t\t\t\t<div class=\"elementor-element elementor-element-9ab4d72 elementor-widget__width-initial elementor-widget elementor-widget-image\" data-id=\"9ab4d72\" data-element_type=\"widget\" data-e-type=\"widget\" data-widget_type=\"image.default\">\n\t\t\t\t<div class=\"elementor-widget-container\">\n\t\t\t\t\t\t\t\t\t\t\t\t\t\t\t<img fetchpriority=\"high\" decoding=\"async\" width=\"1024\" height=\"683\" src=\"https:\/\/entlu.com\/wp-content\/uploads\/2026\/03\/capevedepraia.jpg\" class=\"attachment-large size-large wp-image-3099\" alt=\"capevedepraia\" srcset=\"https:\/\/entlu.com\/wp-content\/uploads\/2026\/03\/capevedepraia.jpg 1024w, https:\/\/entlu.com\/wp-content\/uploads\/2026\/03\/capevedepraia-300x200.jpg 300w, https:\/\/entlu.com\/wp-content\/uploads\/2026\/03\/capevedepraia-768x512.jpg 768w\" sizes=\"(max-width: 1024px) 100vw, 1024px\" title=\"Sobre\">\t\t\t\t\t\t\t\t\t\t\t\t\t\t\t<\/div>\n\t\t\t\t<\/div>\n\t\t\t\t<\/div>\n\t\t\t\t<\/div>\n\t\t\t\t\t<\/div>\n\t\t\t\t<\/div>\n\t\t<div class=\"elementor-element elementor-element-f30903d e-flex e-con-boxed e-con e-parent\" data-id=\"f30903d\" data-element_type=\"container\" data-e-type=\"container\">\n\t\t\t\t\t<div class=\"e-con-inner\">\n\t\t<div class=\"elementor-element elementor-element-3e61ee0 e-con-full e-flex e-con e-child\" data-id=\"3e61ee0\" data-element_type=\"container\" data-e-type=\"container\">\n\t\t\t\t<div class=\"elementor-element elementor-element-d0c3033 elementor-widget elementor-widget-heading\" data-id=\"d0c3033\" data-element_type=\"widget\" data-e-type=\"widget\" data-widget_type=\"heading.default\">\n\t\t\t\t<div class=\"elementor-widget-container\">\n\t\t\t\t\t<h3 class=\"elementor-heading-title elementor-size-default\">O que fazemos<\/h3>\t\t\t\t<\/div>\n\t\t\t\t<\/div>\n\t\t\t\t<div class=\"elementor-element elementor-element-4c17677 elementor-widget elementor-widget-text-editor\" data-id=\"4c17677\" data-element_type=\"widget\" data-e-type=\"widget\" data-widget_type=\"text-editor.default\">\n\t\t\t\t<div class=\"elementor-widget-container\">\n\t\t\t\t\t\t\t\t\t<p data-start=\"1544\" data-end=\"1616\">Constru\u00edmos solu\u00e7\u00f5es digitais e equipas remotas que ajudam as empresas a escalar.<\/p><p data-start=\"1623\" data-end=\"1756\">Desde a digitaliza\u00e7\u00e3o e sistemas at\u00e9 ao suporte operacional e equipas escal\u00e1veis, o nosso foco est\u00e1 sempre na execu\u00e7\u00e3o.<\/p><p data-start=\"1763\" data-end=\"1853\">Ao mesmo tempo, desenvolvemos os nossos pr\u00f3prios produtos, pensados para crescer de \u00c1frica para o mundo.<\/p>\t\t\t\t\t\t\t\t<\/div>\n\t\t\t\t<\/div>\n\t\t\t\t<div class=\"elementor-element elementor-element-40b8177 elementor-widget__width-initial elementor-widget elementor-widget-image\" data-id=\"40b8177\" data-element_type=\"widget\" data-e-type=\"widget\" data-widget_type=\"image.default\">\n\t\t\t\t<div class=\"elementor-widget-container\">\n\t\t\t\t\t\t\t\t\t\t\t\t\t\t\t<img decoding=\"async\" width=\"1024\" height=\"683\" src=\"https:\/\/entlu.com\/wp-content\/uploads\/2026\/03\/13a7df40-4634-46aa-8bcf-0e602ba75b6e-1024x683.png\" class=\"attachment-large size-large wp-image-3101\" alt=\"escritorio\" srcset=\"https:\/\/entlu.com\/wp-content\/uploads\/2026\/03\/13a7df40-4634-46aa-8bcf-0e602ba75b6e-1024x683.png 1024w, https:\/\/entlu.com\/wp-content\/uploads\/2026\/03\/13a7df40-4634-46aa-8bcf-0e602ba75b6e-300x200.png 300w, https:\/\/entlu.com\/wp-content\/uploads\/2026\/03\/13a7df40-4634-46aa-8bcf-0e602ba75b6e-768x512.png 768w, https:\/\/entlu.com\/wp-content\/uploads\/2026\/03\/13a7df40-4634-46aa-8bcf-0e602ba75b6e.png 1536w\" sizes=\"(max-width: 1024px) 100vw, 1024px\" title=\"Sobre\">\t\t\t\t\t\t\t\t\t\t\t\t\t\t\t<\/div>\n\t\t\t\t<\/div>\n\t\t\t\t<\/div>\n\t\t\t\t\t<\/div>\n\t\t\t\t<\/div>\n\t\t<div class=\"elementor-element elementor-element-c92613c e-flex e-con-boxed e-con e-parent\" data-id=\"c92613c\" data-element_type=\"container\" data-e-type=\"container\">\n\t\t\t\t\t<div class=\"e-con-inner\">\n\t\t<div class=\"elementor-element elementor-element-8e9e8e6 e-con-full e-flex e-con e-child\" data-id=\"8e9e8e6\" data-element_type=\"container\" data-e-type=\"container\">\n\t\t\t\t<div class=\"elementor-element elementor-element-fa5a2a6 elementor-widget elementor-widget-heading\" data-id=\"fa5a2a6\" data-element_type=\"widget\" data-e-type=\"widget\" data-widget_type=\"heading.default\">\n\t\t\t\t<div class=\"elementor-widget-container\">\n\t\t\t\t\t<h3 class=\"elementor-heading-title elementor-size-default\">Como trabalhamos<\/h3>\t\t\t\t<\/div>\n\t\t\t\t<\/div>\n\t\t\t\t<div class=\"elementor-element elementor-element-2d518a8 elementor-widget__width-initial elementor-widget elementor-widget-text-editor\" data-id=\"2d518a8\" data-element_type=\"widget\" data-e-type=\"widget\" data-widget_type=\"text-editor.default\">\n\t\t\t\t<div class=\"elementor-widget-container\">\n\t\t\t\t\t\t\t\t\t<p data-start=\"1880\" data-end=\"1918\">Acreditamos mais na execu\u00e7\u00e3o do que na teoria.<\/p><p data-start=\"1925\" data-end=\"1994\">Avan\u00e7amos passo a passo, com foco na clareza, consist\u00eancia e resultados.<\/p><p data-start=\"2001\" data-end=\"2081\">Constru\u00edmos bases s\u00f3lidas primeiro \u2014 para que tudo o que criamos possa escalar ao longo do tempo.<\/p>\t\t\t\t\t\t\t\t<\/div>\n\t\t\t\t<\/div>\n\t\t\t\t<\/div>\n\t\t\t\t\t<\/div>\n\t\t\t\t<\/div>\n\t\t<div class=\"elementor-element elementor-element-a57a1a8 e-flex e-con-boxed e-con e-parent\" data-id=\"a57a1a8\" data-element_type=\"container\" data-e-type=\"container\" data-settings=\"{&quot;background_background&quot;:&quot;classic&quot;}\">\n\t\t\t\t\t<div class=\"e-con-inner\">\n\t\t<div class=\"elementor-element elementor-element-350e40f e-con-full e-flex e-con e-child\" data-id=\"350e40f\" data-element_type=\"container\" data-e-type=\"container\" data-settings=\"{&quot;background_background&quot;:&quot;classic&quot;}\">\n\t\t<div class=\"elementor-element elementor-element-f293ea3 e-con-full e-flex e-con e-child\" data-id=\"f293ea3\" data-element_type=\"container\" data-e-type=\"container\">\n\t\t\t\t<div class=\"elementor-element elementor-element-3538dd1 elementor-widget elementor-widget-heading\" data-id=\"3538dd1\" data-element_type=\"widget\" data-e-type=\"widget\" data-widget_type=\"heading.default\">\n\t\t\t\t<div class=\"elementor-widget-container\">\n\t\t\t\t\t<h3 class=\"elementor-heading-title elementor-size-default\">Vamos construir algo com significado<\/h3>\t\t\t\t<\/div>\n\t\t\t\t<\/div>\n\t\t\t\t<div class=\"elementor-element elementor-element-8817bdb elementor-widget elementor-widget-text-editor\" data-id=\"8817bdb\" data-element_type=\"widget\" data-e-type=\"widget\" data-widget_type=\"text-editor.default\">\n\t\t\t\t<div class=\"elementor-widget-container\">\n\t\t\t\t\t\t\t\t\t<p>Se procura construir, colaborar ou explorar novas oportunidades, teremos todo o gosto em falar consigo.<\/p>\t\t\t\t\t\t\t\t<\/div>\n\t\t\t\t<\/div>\n\t\t\t\t<\/div>\n\t\t\t\t<\/div>\n\t\t\t\t\t<\/div>\n\t\t\t\t<\/div>\n\t\t<div class=\"elementor-element elementor-element-f0dc93f e-flex e-con-boxed e-con e-parent\" data-id=\"f0dc93f\" data-element_type=\"container\" data-e-type=\"container\" data-settings=\"{&quot;background_background&quot;:&quot;classic&quot;}\">\n\t\t\t\t\t<div class=\"e-con-inner\">\n\t\t<div class=\"elementor-element elementor-element-c206d80 e-con-full e-flex e-con e-child\" data-id=\"c206d80\" data-element_type=\"container\" data-e-type=\"container\">\n\t\t\t\t<div class=\"elementor-element elementor-element-2779437 elementor-align-center elementor-tablet-align-center elementor-mobile-align-center elementor-widget elementor-widget-button\" data-id=\"2779437\" data-element_type=\"widget\" data-e-type=\"widget\" data-widget_type=\"button.default\">\n\t\t\t\t<div class=\"elementor-widget-container\">\n\t\t\t\t\t\t\t\t\t<div class=\"elementor-button-wrapper\">\n\t\t\t\t\t<a class=\"elementor-button elementor-button-link elementor-size-sm\" href=\"#contact\">\n\t\t\t\t\t\t<span class=\"elementor-button-content-wrapper\">\n\t\t\t\t\t\t\t\t\t<span class=\"elementor-button-text\">Contacte-nos<\/span>\n\t\t\t\t\t<\/span>\n\t\t\t\t\t<\/a>\n\t\t\t\t<\/div>\n\t\t\t\t\t\t\t\t<\/div>\n\t\t\t\t<\/div>\n\t\t\t\t<\/div>\n\t\t\t\t\t<\/div>\n\t\t\t\t<\/div>\n\t\t\t\t<\/div>","protected":false},"excerpt":{"rendered":"<p>About Entlu Building digital products and teams between Europe and Africa Why we build Entlu was born from a real journey between Portugal, Spain and Africa. By working across different environments, we saw a clear gap: talent, ideas and opportunities were not properly connected. While businesses in Europe need efficient execution, many emerging markets hold [&hellip;]<\/p>\n","protected":false},"author":1,"featured_media":0,"parent":0,"menu_order":0,"comment_status":"closed","ping_status":"closed","template":"","meta":{"site-sidebar-layout":"no-sidebar","site-content-layout":"page-builder","ast-site-content-layout":"full-width-container","site-content-style":"default","site-sidebar-style":"default","ast-global-header-display":"","ast-banner-title-visibility":"","ast-main-header-display":"","ast-hfb-above-header-display":"","ast-hfb-below-header-display":"","ast-hfb-mobile-header-display":"","site-post-title":"","ast-breadcrumbs-content":"","ast-featured-img":"disabled","footer-sml-layout":"","ast-disable-related-posts":"","theme-transparent-header-meta":"","adv-header-id-meta":"","stick-header-meta":"","header-above-stick-meta":"","header-main-stick-meta":"","header-below-stick-meta":"","astra-migrate-meta-layouts":"default","ast-page-background-enabled":"default","ast-page-background-meta":{"desktop":{"background-color":"","background-image":"","background-repeat":"repeat","background-position":"center center","background-size":"auto","background-attachment":"scroll","background-type":"","background-media":"","overlay-type":"","overlay-color":"","overlay-opacity":"","overlay-gradient":""},"tablet":{"background-color":"","background-image":"","background-repeat":"repeat","background-position":"center center","background-size":"auto","background-attachment":"scroll","background-type":"","background-media":"","overlay-type":"","overlay-color":"","overlay-opacity":"","overlay-gradient":""},"mobile":{"background-color":"","background-image":"","background-repeat":"repeat","background-position":"center center","background-size":"auto","background-attachment":"scroll","background-type":"","background-media":"","overlay-type":"","overlay-color":"","overlay-opacity":"","overlay-gradient":""}},"ast-content-background-meta":{"desktop":{"background-color":"var(--ast-global-color-5)","background-image":"","background-repeat":"repeat","background-position":"center center","background-size":"auto","background-attachment":"scroll","background-type":"","background-media":"","overlay-type":"","overlay-color":"","overlay-opacity":"","overlay-gradient":""},"tablet":{"background-color":"var(--ast-global-color-5)","background-image":"","background-repeat":"repeat","background-position":"center center","background-size":"auto","background-attachment":"scroll","background-type":"","background-media":"","overlay-type":"","overlay-color":"","overlay-opacity":"","overlay-gradient":""},"mobile":{"background-color":"var(--ast-global-color-5)","background-image":"","background-repeat":"repeat","background-position":"center center","background-size":"auto","background-attachment":"scroll","background-type":"","background-media":"","overlay-type":"","overlay-color":"","overlay-opacity":"","overlay-gradient":""}},"footnotes":""},"class_list":["post-2663","page","type-page","status-publish","hentry"],"_links":{"self":[{"href":"https:\/\/entlu.com\/pt\/wp-json\/wp\/v2\/pages\/2663","targetHints":{"allow":["GET"]}}],"collection":[{"href":"https:\/\/entlu.com\/pt\/wp-json\/wp\/v2\/pages"}],"about":[{"href":"https:\/\/entlu.com\/pt\/wp-json\/wp\/v2\/types\/page"}],"author":[{"embeddable":true,"href":"https:\/\/entlu.com\/pt\/wp-json\/wp\/v2\/users\/1"}],"replies":[{"embeddable":true,"href":"https:\/\/entlu.com\/pt\/wp-json\/wp\/v2\/comments?post=2663"}],"version-history":[{"count":41,"href":"https:\/\/entlu.com\/pt\/wp-json\/wp\/v2\/pages\/2663\/revisions"}],"predecessor-version":[{"id":3305,"href":"https:\/\/entlu.com\/pt\/wp-json\/wp\/v2\/pages\/2663\/revisions\/3305"}],"wp:attachment":[{"href":"https:\/\/entlu.com\/pt\/wp-json\/wp\/v2\/media?parent=2663"}],"curies":[{"name":"wp","href":"https:\/\/api.w.org\/{rel}","templated":true}]}}