{"id":2701,"date":"2026-03-27T04:12:50","date_gmt":"2026-03-27T04:12:50","guid":{"rendered":"https:\/\/entlu.com\/?page_id=2701"},"modified":"2026-03-31T02:38:09","modified_gmt":"2026-03-31T02:38:09","slug":"careers","status":"publish","type":"page","link":"https:\/\/entlu.com\/pt\/careers\/","title":{"rendered":"Carreiras"},"content":{"rendered":"<div data-elementor-type=\"wp-page\" data-elementor-id=\"2701\" class=\"elementor elementor-2701\">\n\t\t\t\t<div class=\"elementor-element elementor-element-e15afad e-flex e-con-boxed elementor-invisible e-con e-parent\" data-id=\"e15afad\" data-element_type=\"container\" data-e-type=\"container\" data-settings=\"{&quot;background_background&quot;:&quot;classic&quot;,&quot;animation&quot;:&quot;fadeIn&quot;}\">\n\t\t\t\t\t<div class=\"e-con-inner\">\n\t\t<div class=\"elementor-element elementor-element-36457a8 e-con-full e-flex e-con e-child\" data-id=\"36457a8\" data-element_type=\"container\" data-e-type=\"container\">\n\t\t\t\t<div class=\"elementor-element elementor-element-979b9af elementor-widget elementor-widget-heading\" data-id=\"979b9af\" data-element_type=\"widget\" data-e-type=\"widget\" data-widget_type=\"heading.default\">\n\t\t\t\t<div class=\"elementor-widget-container\">\n\t\t\t\t\t<h1 class=\"elementor-heading-title elementor-size-default\">Carreira em Cabo Verde <br>na Entlu<\/h1>\t\t\t\t<\/div>\n\t\t\t\t<\/div>\n\t\t\t\t<div class=\"elementor-element elementor-element-e228e10 elementor-widget elementor-widget-heading\" data-id=\"e228e10\" data-element_type=\"widget\" data-e-type=\"widget\" data-widget_type=\"heading.default\">\n\t\t\t\t<div class=\"elementor-widget-container\">\n\t\t\t\t\t<h4 class=\"elementor-heading-title elementor-size-default\">Oferecemos oportunidades de carreira em Cabo Verde, ligando oportunidades entre a Europa e \u00c1frica para pessoas que querem crescer connosco.<\/h4>\t\t\t\t<\/div>\n\t\t\t\t<\/div>\n\t\t\t\t<\/div>\n\t\t\t\t\t<\/div>\n\t\t\t\t<\/div>\n\t\t<div class=\"elementor-element elementor-element-508a3dd e-flex e-con-boxed e-con e-parent\" data-id=\"508a3dd\" data-element_type=\"container\" data-e-type=\"container\">\n\t\t\t\t\t<div class=\"e-con-inner\">\n\t\t<div class=\"elementor-element elementor-element-3215ecc e-con-full e-flex e-con e-child\" data-id=\"3215ecc\" data-element_type=\"container\" data-e-type=\"container\" data-settings=\"{&quot;background_background&quot;:&quot;classic&quot;}\">\n\t\t<div class=\"elementor-element elementor-element-b71c3a1 e-con-full e-flex e-con e-child\" data-id=\"b71c3a1\" data-element_type=\"container\" data-e-type=\"container\">\n\t\t\t\t<div class=\"elementor-element elementor-element-0003332 elementor-widget elementor-widget-heading\" data-id=\"0003332\" data-element_type=\"widget\" data-e-type=\"widget\" data-widget_type=\"heading.default\">\n\t\t\t\t<div class=\"elementor-widget-container\">\n\t\t\t\t\t<h3 class=\"elementor-heading-title elementor-size-default\">Porque juntar-se \u00e0 Entlu<\/h3>\t\t\t\t<\/div>\n\t\t\t\t<\/div>\n\t\t\t\t<div class=\"elementor-element elementor-element-74d2f3a elementor-widget-tablet__width-inherit elementor-widget elementor-widget-text-editor\" data-id=\"74d2f3a\" data-element_type=\"widget\" data-e-type=\"widget\" data-widget_type=\"text-editor.default\">\n\t\t\t\t<div class=\"elementor-widget-container\">\n\t\t\t\t\t\t\t\t\t<p>A Entlu est\u00e1 a ser constru\u00edda de raiz, conectando oportunidades entre a Europa e \u00c1frica atrav\u00e9s da tecnologia e da execu\u00e7\u00e3o.<\/p><p>Procuramos pessoas de diferentes \u00e1reas \u2014 tecnologia, neg\u00f3cios, marketing, design e opera\u00e7\u00f5es \u2014 que queiram contribuir, aprender e crescer connosco.<\/p><p>Este \u00e9 um ambiente din\u00e2mico onde a iniciativa, a adaptabilidade e o progresso real s\u00e3o valorizados.<\/p>\t\t\t\t\t\t\t\t<\/div>\n\t\t\t\t<\/div>\n\t\t\t\t<\/div>\n\t\t\t\t<\/div>\n\t\t\t\t\t<\/div>\n\t\t\t\t<\/div>\n\t\t<div class=\"elementor-element elementor-element-74472eb e-flex e-con-boxed e-con e-parent\" data-id=\"74472eb\" data-element_type=\"container\" data-e-type=\"container\">\n\t\t\t\t\t<div class=\"e-con-inner\">\n\t\t<div class=\"elementor-element elementor-element-35970df e-con-full e-flex e-con e-child\" data-id=\"35970df\" data-element_type=\"container\" data-e-type=\"container\" data-settings=\"{&quot;background_background&quot;:&quot;classic&quot;}\">\n\t\t<div class=\"elementor-element elementor-element-bcd0bc0 e-con-full e-flex e-con e-child\" data-id=\"bcd0bc0\" data-element_type=\"container\" data-e-type=\"container\">\n\t\t\t\t<div class=\"elementor-element elementor-element-40b5398 elementor-widget elementor-widget-heading\" data-id=\"40b5398\" data-element_type=\"widget\" data-e-type=\"widget\" data-widget_type=\"heading.default\">\n\t\t\t\t<div class=\"elementor-widget-container\">\n\t\t\t\t\t<h3 class=\"elementor-heading-title elementor-size-default\">O que valorizamos<\/h3>\t\t\t\t<\/div>\n\t\t\t\t<\/div>\n\t\t\t\t<div class=\"elementor-element elementor-element-bebe807 elementor-widget elementor-widget-text-editor\" data-id=\"bebe807\" data-element_type=\"widget\" data-e-type=\"widget\" data-widget_type=\"text-editor.default\">\n\t\t\t\t<div class=\"elementor-widget-container\">\n\t\t\t\t\t\t\t\t\t<p>Estamos abertos a estagi\u00e1rios e profissionais que queiram ganhar experi\u00eancia real e crescer connosco.<\/p><p>O nosso objetivo n\u00e3o \u00e9 oferecer posi\u00e7\u00f5es tempor\u00e1rias, mas identificar pessoas com potencial e integr\u00e1-las na empresa \u00e0 medida que evolui.<\/p><p>Idiomas como portugu\u00eas, espanhol e ingl\u00eas s\u00e3o uma grande vantagem.<\/p><p>Mais do que experi\u00eancia, valorizamos a atitude, a vontade de aprender, a adaptabilidade e a compreens\u00e3o dos ambientes tecnol\u00f3gicos e de neg\u00f3cio.<\/p>\t\t\t\t\t\t\t\t<\/div>\n\t\t\t\t<\/div>\n\t\t\t\t<\/div>\n\t\t\t\t<\/div>\n\t\t\t\t\t<\/div>\n\t\t\t\t<\/div>\n\t\t<div class=\"elementor-element elementor-element-091cc2a e-flex e-con-boxed e-con e-parent\" data-id=\"091cc2a\" data-element_type=\"container\" data-e-type=\"container\">\n\t\t\t\t\t<div class=\"e-con-inner\">\n\t\t<div class=\"elementor-element elementor-element-b1ab093 e-con-full e-flex e-con e-child\" data-id=\"b1ab093\" data-element_type=\"container\" data-e-type=\"container\" data-settings=\"{&quot;background_background&quot;:&quot;classic&quot;}\">\n\t\t<div class=\"elementor-element elementor-element-85a5785 e-con-full e-flex e-con e-child\" data-id=\"85a5785\" data-element_type=\"container\" data-e-type=\"container\">\n\t\t\t\t<div class=\"elementor-element elementor-element-19f9614 elementor-widget elementor-widget-heading\" data-id=\"19f9614\" data-element_type=\"widget\" data-e-type=\"widget\" data-widget_type=\"heading.default\">\n\t\t\t\t<div class=\"elementor-widget-container\">\n\t\t\t\t\t<h3 class=\"elementor-heading-title elementor-size-default\">Como trabalhamos<\/h3>\t\t\t\t<\/div>\n\t\t\t\t<\/div>\n\t\t\t\t<div class=\"elementor-element elementor-element-ca1cab8 elementor-widget elementor-widget-text-editor\" data-id=\"ca1cab8\" data-element_type=\"widget\" data-e-type=\"widget\" data-widget_type=\"text-editor.default\">\n\t\t\t\t<div class=\"elementor-widget-container\">\n\t\t\t\t\t\t\t\t\t<p>Focamo-nos na execu\u00e7\u00e3o, aprendizagem e progresso real.<\/p><p>Este \u00e9 um ambiente din\u00e2mico onde tudo evolui rapidamente e todos t\u00eam a oportunidade de crescer.<\/p><p>Valorizamos pessoas proativas, adapt\u00e1veis e com iniciativa.<\/p>\t\t\t\t\t\t\t\t<\/div>\n\t\t\t\t<\/div>\n\t\t\t\t<\/div>\n\t\t\t\t<\/div>\n\t\t\t\t\t<\/div>\n\t\t\t\t<\/div>\n\t\t<div class=\"elementor-element elementor-element-fd20ffe e-flex e-con-boxed e-con e-parent\" data-id=\"fd20ffe\" data-element_type=\"container\" data-e-type=\"container\">\n\t\t\t\t\t<div class=\"e-con-inner\">\n\t\t<div class=\"elementor-element elementor-element-80b3d4f e-con-full e-flex e-con e-child\" data-id=\"80b3d4f\" data-element_type=\"container\" data-e-type=\"container\" data-settings=\"{&quot;background_background&quot;:&quot;classic&quot;}\">\n\t\t<div class=\"elementor-element elementor-element-cde3e16 e-con-full e-flex e-con e-child\" data-id=\"cde3e16\" data-element_type=\"container\" data-e-type=\"container\">\n\t\t\t\t<div class=\"elementor-element elementor-element-149e6d9 elementor-widget elementor-widget-heading\" data-id=\"149e6d9\" data-element_type=\"widget\" data-e-type=\"widget\" data-widget_type=\"heading.default\">\n\t\t\t\t<div class=\"elementor-widget-container\">\n\t\t\t\t\t<h3 class=\"elementor-heading-title elementor-size-default\">Candidatar-se<\/h3>\t\t\t\t<\/div>\n\t\t\t\t<\/div>\n\t\t\t\t<div class=\"elementor-element elementor-element-ba85016 elementor-widget elementor-widget-text-editor\" data-id=\"ba85016\" data-element_type=\"widget\" data-e-type=\"widget\" data-widget_type=\"text-editor.default\">\n\t\t\t\t<div class=\"elementor-widget-container\">\n\t\t\t\t\t\t\t\t\t<p>Se estiver interessado em juntar-se \u00e0 Entlu, envie a sua candidatura.<\/p><p>Por favor inclua:<br \/>O seu CV <br \/>- Uma breve apresenta\u00e7\u00e3o ou carta de motiva\u00e7\u00e3o <br \/>\u2013 A fun\u00e7\u00e3o ou \u00e1rea a que se candidata<\/p><p>Email: <a href=\"mailto:recrutamento@entlu.com\"><strong>recrutamento@entlu.com<\/strong><\/a><\/p>\t\t\t\t\t\t\t\t<\/div>\n\t\t\t\t<\/div>\n\t\t\t\t<\/div>\n\t\t\t\t<\/div>\n\t\t\t\t\t<\/div>\n\t\t\t\t<\/div>\n\t\t\t\t<\/div>","protected":false},"excerpt":{"rendered":"<p>Careers in Cape Verde at Entlu We offer careers in Cape Verde, connecting opportunities between Europe and Africa for people who want to grow with us. Why join Entlu Entlu is being built from the ground up, connecting opportunities between Europe and Africa through technology and execution. We are looking for people from different areas [&hellip;]<\/p>\n","protected":false},"author":1,"featured_media":0,"parent":0,"menu_order":0,"comment_status":"closed","ping_status":"closed","template":"","meta":{"site-sidebar-layout":"no-sidebar","site-content-layout":"page-builder","ast-site-content-layout":"full-width-container","site-content-style":"unboxed","site-sidebar-style":"unboxed","ast-global-header-display":"","ast-banner-title-visibility":"","ast-main-header-display":"","ast-hfb-above-header-display":"","ast-hfb-below-header-display":"","ast-hfb-mobile-header-display":"","site-post-title":"","ast-breadcrumbs-content":"","ast-featured-img":"disabled","footer-sml-layout":"","ast-disable-related-posts":"","theme-transparent-header-meta":"","adv-header-id-meta":"","stick-header-meta":"","header-above-stick-meta":"","header-main-stick-meta":"","header-below-stick-meta":"","astra-migrate-meta-layouts":"set","ast-page-background-enabled":"default","ast-page-background-meta":{"desktop":{"background-color":"","background-image":"","background-repeat":"repeat","background-position":"center center","background-size":"auto","background-attachment":"scroll","background-type":"","background-media":"","overlay-type":"","overlay-color":"","overlay-opacity":"","overlay-gradient":""},"tablet":{"background-color":"","background-image":"","background-repeat":"repeat","background-position":"center center","background-size":"auto","background-attachment":"scroll","background-type":"","background-media":"","overlay-type":"","overlay-color":"","overlay-opacity":"","overlay-gradient":""},"mobile":{"background-color":"","background-image":"","background-repeat":"repeat","background-position":"center center","background-size":"auto","background-attachment":"scroll","background-type":"","background-media":"","overlay-type":"","overlay-color":"","overlay-opacity":"","overlay-gradient":""}},"ast-content-background-meta":{"desktop":{"background-color":"var(--ast-global-color-5)","background-image":"","background-repeat":"repeat","background-position":"center center","background-size":"auto","background-attachment":"scroll","background-type":"","background-media":"","overlay-type":"","overlay-color":"","overlay-opacity":"","overlay-gradient":""},"tablet":{"background-color":"var(--ast-global-color-5)","background-image":"","background-repeat":"repeat","background-position":"center center","background-size":"auto","background-attachment":"scroll","background-type":"","background-media":"","overlay-type":"","overlay-color":"","overlay-opacity":"","overlay-gradient":""},"mobile":{"background-color":"var(--ast-global-color-5)","background-image":"","background-repeat":"repeat","background-position":"center center","background-size":"auto","background-attachment":"scroll","background-type":"","background-media":"","overlay-type":"","overlay-color":"","overlay-opacity":"","overlay-gradient":""}},"footnotes":""},"class_list":["post-2701","page","type-page","status-publish","hentry"],"_links":{"self":[{"href":"https:\/\/entlu.com\/pt\/wp-json\/wp\/v2\/pages\/2701","targetHints":{"allow":["GET"]}}],"collection":[{"href":"https:\/\/entlu.com\/pt\/wp-json\/wp\/v2\/pages"}],"about":[{"href":"https:\/\/entlu.com\/pt\/wp-json\/wp\/v2\/types\/page"}],"author":[{"embeddable":true,"href":"https:\/\/entlu.com\/pt\/wp-json\/wp\/v2\/users\/1"}],"replies":[{"embeddable":true,"href":"https:\/\/entlu.com\/pt\/wp-json\/wp\/v2\/comments?post=2701"}],"version-history":[{"count":33,"href":"https:\/\/entlu.com\/pt\/wp-json\/wp\/v2\/pages\/2701\/revisions"}],"predecessor-version":[{"id":3277,"href":"https:\/\/entlu.com\/pt\/wp-json\/wp\/v2\/pages\/2701\/revisions\/3277"}],"wp:attachment":[{"href":"https:\/\/entlu.com\/pt\/wp-json\/wp\/v2\/media?parent=2701"}],"curies":[{"name":"wp","href":"https:\/\/api.w.org\/{rel}","templated":true}]}}