{"id":2709,"date":"2026-03-27T04:01:59","date_gmt":"2026-03-27T04:01:59","guid":{"rendered":"https:\/\/entlu.com\/?page_id=2709"},"modified":"2026-03-31T01:09:48","modified_gmt":"2026-03-31T01:09:48","slug":"terms-and-conditions","status":"publish","type":"page","link":"https:\/\/entlu.com\/pt\/terms-and-conditions\/","title":{"rendered":"Terms &#038; Conditions"},"content":{"rendered":"<div data-elementor-type=\"wp-page\" data-elementor-id=\"2709\" class=\"elementor elementor-2709\">\n\t\t\t\t<div class=\"elementor-element elementor-element-511ad6e e-flex e-con-boxed elementor-invisible e-con e-parent\" data-id=\"511ad6e\" data-element_type=\"container\" data-e-type=\"container\" data-settings=\"{&quot;background_background&quot;:&quot;classic&quot;,&quot;animation&quot;:&quot;fadeIn&quot;}\">\n\t\t\t\t\t<div class=\"e-con-inner\">\n\t\t<div class=\"elementor-element elementor-element-3cc96e4 e-con-full e-flex e-con e-child\" data-id=\"3cc96e4\" data-element_type=\"container\" data-e-type=\"container\">\n\t\t\t\t<div class=\"elementor-element elementor-element-8a81e5b elementor-widget elementor-widget-heading\" data-id=\"8a81e5b\" data-element_type=\"widget\" data-e-type=\"widget\" data-widget_type=\"heading.default\">\n\t\t\t\t<div class=\"elementor-widget-container\">\n\t\t\t\t\t<h1 class=\"elementor-heading-title elementor-size-default\">Termos e Condi\u00e7\u00f5es<\/h1>\t\t\t\t<\/div>\n\t\t\t\t<\/div>\n\t\t\t\t<div class=\"elementor-element elementor-element-d67d531 elementor-widget elementor-widget-heading\" data-id=\"d67d531\" data-element_type=\"widget\" data-e-type=\"widget\" data-widget_type=\"heading.default\">\n\t\t\t\t<div class=\"elementor-widget-container\">\n\t\t\t\t\t<h4 class=\"elementor-heading-title elementor-size-default\">Constru\u00edmos projetos digitais entre a Europa e \u00c1frica<\/h4>\t\t\t\t<\/div>\n\t\t\t\t<\/div>\n\t\t\t\t<\/div>\n\t\t\t\t\t<\/div>\n\t\t\t\t<\/div>\n\t\t<div class=\"elementor-element elementor-element-309916f e-flex e-con-boxed e-con e-parent\" data-id=\"309916f\" data-element_type=\"container\" data-e-type=\"container\" data-settings=\"{&quot;background_background&quot;:&quot;classic&quot;}\">\n\t\t\t\t\t<div class=\"e-con-inner\">\n\t\t<div class=\"elementor-element elementor-element-02296c8 e-con-full e-flex e-con e-child\" data-id=\"02296c8\" data-element_type=\"container\" data-e-type=\"container\" data-settings=\"{&quot;background_background&quot;:&quot;classic&quot;}\">\n\t\t<div class=\"elementor-element elementor-element-e7a3386 e-con-full e-flex e-con e-child\" data-id=\"e7a3386\" data-element_type=\"container\" data-e-type=\"container\">\n\t\t\t\t<div class=\"elementor-element elementor-element-f100031 elementor-widget elementor-widget-text-editor\" data-id=\"f100031\" data-element_type=\"widget\" data-e-type=\"widget\" data-widget_type=\"text-editor.default\">\n\t\t\t\t<div class=\"elementor-widget-container\">\n\t\t\t\t\t\t\t\t\t<h1 style=\"font-style: normal; color: #242a56; text-align: center;\">Termos e Condi\u00e7\u00f5es<\/h1><p><strong>\u00daltima atualiza\u00e7\u00e3o: 28 de mar\u00e7o de 2026<\/strong><\/p><p>Estes Termos e Condi\u00e7\u00f5es regem a utiliza\u00e7\u00e3o do website https:\/\/entlu.com , operado pela Entlu.<\/p><p>Estes Termos e Condi\u00e7\u00f5es regem a utiliza\u00e7\u00e3o do website https:\/\/entlu.com , operado pela Entlu.<\/p><p><strong>Utiliza\u00e7\u00e3o do website<\/strong><\/p><p>Concorda em utilizar este website apenas para fins legais e de forma a n\u00e3o infringir os direitos de terceiros nem restringir a utiliza\u00e7\u00e3o do website por outros.<\/p><p><strong>Propriedade intelectual<\/strong><\/p><p>Todo o conte\u00fado deste website (textos, log\u00f3tipos, designs, imagens) \u00e9 propriedade da Entlu, salvo indica\u00e7\u00e3o em contr\u00e1rio, e n\u00e3o pode ser copiado, reproduzido ou distribu\u00eddo sem autoriza\u00e7\u00e3o.<\/p><p><strong>Servi\u00e7os<\/strong><\/p><p>A informa\u00e7\u00e3o disponibilizada neste website tem apenas fins informativos e n\u00e3o constitui uma oferta vinculativa ou contrato.<\/p><p>Reservamo-nos o direito de modificar, suspender ou descontinuar qualquer parte do website ou servi\u00e7os a qualquer momento, sem aviso pr\u00e9vio.<\/p><p><strong>Limita\u00e7\u00e3o de responsabilidade<\/strong><\/p><p>N\u00e3o garantimos que o website esteja livre de erros ou funcione sem interrup\u00e7\u00f5es.<\/p><p>A Entlu n\u00e3o ser\u00e1 respons\u00e1vel por quaisquer danos resultantes da utiliza\u00e7\u00e3o ou da incapacidade de utiliza\u00e7\u00e3o deste website.<\/p><p><strong>Links externos<\/strong><\/p><p>Este website pode conter links para websites de terceiros. N\u00e3o somos respons\u00e1veis pelo conte\u00fado ou pr\u00e1ticas desses websites.<\/p><p><strong>Altera\u00e7\u00f5es a estes termos<\/strong><\/p><p>Podemos atualizar estes Termos e Condi\u00e7\u00f5es a qualquer momento. As altera\u00e7\u00f5es ser\u00e3o publicadas nesta p\u00e1gina.\u00a0<\/p><p><strong>Informa\u00e7\u00f5es da empresa<\/strong><\/p><p>Entlu, Sociedade Unipessoal LDA (Cabo Verde)<\/p><p>NIF: 20446102<\/p><p>Registada em Praia, Santiago, Cabo Verde<\/p><p><strong>Contacto<\/strong><\/p><p>Se tiver alguma quest\u00e3o sobre estes Termos, pode contactar-nos atrav\u00e9s de:<\/p><p>info@entlu.com<\/p>\t\t\t\t\t\t\t\t<\/div>\n\t\t\t\t<\/div>\n\t\t\t\t<\/div>\n\t\t\t\t<\/div>\n\t\t\t\t\t<\/div>\n\t\t\t\t<\/div>\n\t\t<div class=\"elementor-element elementor-element-bfff134 e-flex e-con-boxed e-con e-parent\" data-id=\"bfff134\" data-element_type=\"container\" data-e-type=\"container\">\n\t\t\t\t\t<div class=\"e-con-inner\">\n\t\t<div class=\"elementor-element elementor-element-d9bdf80 e-con-full e-flex e-con e-child\" data-id=\"d9bdf80\" data-element_type=\"container\" data-e-type=\"container\">\n\t\t\t\t<\/div>\n\t\t\t\t\t<\/div>\n\t\t\t\t<\/div>\n\t\t\t\t<\/div>","protected":false},"excerpt":{"rendered":"<p>Terms &amp; Conditions Building digital projects between Europe and Africa Terms &amp; Conditions Last updated: March 28, 2026 These Terms and Conditions govern your use of the website https:\/\/entlu.com operated by Entlu. By accessing or using this website, you agree to be bound by these Terms. If you do not agree, please do not use [&hellip;]<\/p>\n","protected":false},"author":1,"featured_media":0,"parent":0,"menu_order":0,"comment_status":"closed","ping_status":"closed","template":"","meta":{"site-sidebar-layout":"no-sidebar","site-content-layout":"page-builder","ast-site-content-layout":"full-width-container","site-content-style":"unboxed","site-sidebar-style":"unboxed","ast-global-header-display":"","ast-banner-title-visibility":"","ast-main-header-display":"","ast-hfb-above-header-display":"","ast-hfb-below-header-display":"","ast-hfb-mobile-header-display":"","site-post-title":"","ast-breadcrumbs-content":"","ast-featured-img":"disabled","footer-sml-layout":"","ast-disable-related-posts":"","theme-transparent-header-meta":"","adv-header-id-meta":"","stick-header-meta":"","header-above-stick-meta":"","header-main-stick-meta":"","header-below-stick-meta":"","astra-migrate-meta-layouts":"set","ast-page-background-enabled":"default","ast-page-background-meta":{"desktop":{"background-color":"","background-image":"","background-repeat":"repeat","background-position":"center center","background-size":"auto","background-attachment":"scroll","background-type":"","background-media":"","overlay-type":"","overlay-color":"","overlay-opacity":"","overlay-gradient":""},"tablet":{"background-color":"","background-image":"","background-repeat":"repeat","background-position":"center center","background-size":"auto","background-attachment":"scroll","background-type":"","background-media":"","overlay-type":"","overlay-color":"","overlay-opacity":"","overlay-gradient":""},"mobile":{"background-color":"","background-image":"","background-repeat":"repeat","background-position":"center center","background-size":"auto","background-attachment":"scroll","background-type":"","background-media":"","overlay-type":"","overlay-color":"","overlay-opacity":"","overlay-gradient":""}},"ast-content-background-meta":{"desktop":{"background-color":"var(--ast-global-color-5)","background-image":"","background-repeat":"repeat","background-position":"center center","background-size":"auto","background-attachment":"scroll","background-type":"","background-media":"","overlay-type":"","overlay-color":"","overlay-opacity":"","overlay-gradient":""},"tablet":{"background-color":"var(--ast-global-color-5)","background-image":"","background-repeat":"repeat","background-position":"center center","background-size":"auto","background-attachment":"scroll","background-type":"","background-media":"","overlay-type":"","overlay-color":"","overlay-opacity":"","overlay-gradient":""},"mobile":{"background-color":"var(--ast-global-color-5)","background-image":"","background-repeat":"repeat","background-position":"center center","background-size":"auto","background-attachment":"scroll","background-type":"","background-media":"","overlay-type":"","overlay-color":"","overlay-opacity":"","overlay-gradient":""}},"footnotes":""},"class_list":["post-2709","page","type-page","status-publish","hentry"],"_links":{"self":[{"href":"https:\/\/entlu.com\/pt\/wp-json\/wp\/v2\/pages\/2709","targetHints":{"allow":["GET"]}}],"collection":[{"href":"https:\/\/entlu.com\/pt\/wp-json\/wp\/v2\/pages"}],"about":[{"href":"https:\/\/entlu.com\/pt\/wp-json\/wp\/v2\/types\/page"}],"author":[{"embeddable":true,"href":"https:\/\/entlu.com\/pt\/wp-json\/wp\/v2\/users\/1"}],"replies":[{"embeddable":true,"href":"https:\/\/entlu.com\/pt\/wp-json\/wp\/v2\/comments?post=2709"}],"version-history":[{"count":19,"href":"https:\/\/entlu.com\/pt\/wp-json\/wp\/v2\/pages\/2709\/revisions"}],"predecessor-version":[{"id":3334,"href":"https:\/\/entlu.com\/pt\/wp-json\/wp\/v2\/pages\/2709\/revisions\/3334"}],"wp:attachment":[{"href":"https:\/\/entlu.com\/pt\/wp-json\/wp\/v2\/media?parent=2709"}],"curies":[{"name":"wp","href":"https:\/\/api.w.org\/{rel}","templated":true}]}}